{"id":915,"date":"2015-07-01T10:33:01","date_gmt":"2015-07-01T10:33:01","guid":{"rendered":"http:\/\/www.marek.sk\/projekty-transakcie\/corporate-and-commercial\/"},"modified":"2018-02-19T14:22:47","modified_gmt":"2018-02-19T14:22:47","slug":"obchodne-spolocnosti-obchodne-pravo","status":"publish","type":"page","link":"https:\/\/www.marek.sk\/sk\/projekty-transakcie\/obchodne-spolocnosti-obchodne-pravo\/","title":{"rendered":"Obchodn\u00e9 spolo\u010dnosti &#038; Obchodn\u00e9 pr\u00e1vo"},"content":{"rendered":"","protected":false},"excerpt":{"rendered":"","protected":false},"author":3,"featured_media":0,"parent":40,"menu_order":2,"comment_status":"open","ping_status":"closed","template":"page-matters-sub.php","meta":{"_acf_changed":false,"footnotes":""},"class_list":["post-915","page","type-page","status-publish","hentry"],"acf":[],"_links":{"self":[{"href":"https:\/\/www.marek.sk\/sk\/wp-json\/wp\/v2\/pages\/915","targetHints":{"allow":["GET"]}}],"collection":[{"href":"https:\/\/www.marek.sk\/sk\/wp-json\/wp\/v2\/pages"}],"about":[{"href":"https:\/\/www.marek.sk\/sk\/wp-json\/wp\/v2\/types\/page"}],"author":[{"embeddable":true,"href":"https:\/\/www.marek.sk\/sk\/wp-json\/wp\/v2\/users\/3"}],"replies":[{"embeddable":true,"href":"https:\/\/www.marek.sk\/sk\/wp-json\/wp\/v2\/comments?post=915"}],"version-history":[{"count":5,"href":"https:\/\/www.marek.sk\/sk\/wp-json\/wp\/v2\/pages\/915\/revisions"}],"predecessor-version":[{"id":1262,"href":"https:\/\/www.marek.sk\/sk\/wp-json\/wp\/v2\/pages\/915\/revisions\/1262"}],"up":[{"embeddable":true,"href":"https:\/\/www.marek.sk\/sk\/wp-json\/wp\/v2\/pages\/40"}],"wp:attachment":[{"href":"https:\/\/www.marek.sk\/sk\/wp-json\/wp\/v2\/media?parent=915"}],"curies":[{"name":"wp","href":"https:\/\/api.w.org\/{rel}","templated":true}]}}