{"id":325,"date":"2015-06-21T19:45:29","date_gmt":"2015-06-21T19:45:29","guid":{"rendered":"http:\/\/marek.beta1.darencurtis.sk\/practise-expertise\/regulatory-compliance\/"},"modified":"2016-08-24T16:09:41","modified_gmt":"2016-08-24T16:09:41","slug":"regulacne-zalezitosti-dodrziavanie-predpisov","status":"publish","type":"page","link":"https:\/\/www.marek.sk\/sk\/prax-odbornost\/regulacne-zalezitosti-dodrziavanie-predpisov\/","title":{"rendered":"Regula\u010dn\u00e9 z\u00e1le\u017eitosti &#038; Dodr\u017eiavanie predpisov"},"content":{"rendered":"","protected":false},"excerpt":{"rendered":"","protected":false},"author":3,"featured_media":0,"parent":36,"menu_order":1,"comment_status":"open","ping_status":"closed","template":"page-practise-sub.php","meta":{"_acf_changed":false,"footnotes":""},"class_list":["post-325","page","type-page","status-publish","hentry"],"acf":[],"_links":{"self":[{"href":"https:\/\/www.marek.sk\/sk\/wp-json\/wp\/v2\/pages\/325","targetHints":{"allow":["GET"]}}],"collection":[{"href":"https:\/\/www.marek.sk\/sk\/wp-json\/wp\/v2\/pages"}],"about":[{"href":"https:\/\/www.marek.sk\/sk\/wp-json\/wp\/v2\/types\/page"}],"author":[{"embeddable":true,"href":"https:\/\/www.marek.sk\/sk\/wp-json\/wp\/v2\/users\/3"}],"replies":[{"embeddable":true,"href":"https:\/\/www.marek.sk\/sk\/wp-json\/wp\/v2\/comments?post=325"}],"version-history":[{"count":3,"href":"https:\/\/www.marek.sk\/sk\/wp-json\/wp\/v2\/pages\/325\/revisions"}],"predecessor-version":[{"id":907,"href":"https:\/\/www.marek.sk\/sk\/wp-json\/wp\/v2\/pages\/325\/revisions\/907"}],"up":[{"embeddable":true,"href":"https:\/\/www.marek.sk\/sk\/wp-json\/wp\/v2\/pages\/36"}],"wp:attachment":[{"href":"https:\/\/www.marek.sk\/sk\/wp-json\/wp\/v2\/media?parent=325"}],"curies":[{"name":"wp","href":"https:\/\/api.w.org\/{rel}","templated":true}]}}